{"id":17,"date":"2020-11-25T15:10:33","date_gmt":"2020-11-25T15:10:33","guid":{"rendered":"https:\/\/avadawebsites.wpengine.com\/handmade\/?page_id=17"},"modified":"2024-08-08T09:03:51","modified_gmt":"2024-08-08T07:03:51","slug":"about","status":"publish","type":"page","link":"https:\/\/www.misionjapon.es\/index.php\/about\/","title":{"rendered":"About"},"content":{"rendered":"<p><div class=\"fusion-fullwidth fullwidth-box fusion-builder-row-1 fusion-flex-container nonhundred-percent-fullwidth non-hundred-percent-height-scrolling\" style=\"--awb-border-radius-top-left:0px;--awb-border-radius-top-right:0px;--awb-border-radius-bottom-right:0px;--awb-border-radius-bottom-left:0px;--awb-margin-bottom:110px;--awb-flex-wrap:wrap;\" ><div class=\"fusion-builder-row fusion-row fusion-flex-align-items-center fusion-flex-content-wrap\" style=\"max-width:calc( 1370px + 100px );margin-left: calc(-100px \/ 2 );margin-right: calc(-100px \/ 2 );\"><div class=\"fusion-layout-column fusion_builder_column fusion-builder-column-0 fusion_builder_column_1_2 1_2 fusion-flex-column\" style=\"--awb-padding-left-medium:40px;--awb-padding-right-small:0px;--awb-padding-left-small:0px;--awb-bg-size:cover;--awb-width-large:50%;--awb-margin-top-large:0px;--awb-spacing-right-large:50px;--awb-margin-bottom-large:0px;--awb-spacing-left-large:50px;--awb-width-medium:50%;--awb-order-medium:0;--awb-spacing-right-medium:50px;--awb-spacing-left-medium:50px;--awb-width-small:100%;--awb-order-small:0;--awb-spacing-right-small:50px;--awb-margin-bottom-small:50px;--awb-spacing-left-small:50px;\" data-scroll-devices=\"small-visibility,medium-visibility,large-visibility\"><div class=\"fusion-column-wrapper fusion-column-has-shadow fusion-flex-justify-content-flex-end fusion-content-layout-row fusion-flex-align-items-center\"><div class=\"fusion-image-element \" style=\"--awb-mask-url: url(https:\/\/www.misionjapon.es\/wp-content\/plugins\/fusion-builder\/\/assets\/images\/masks\/mask-1.svg);--awb-caption-title-font-family:var(--h2_typography-font-family);--awb-caption-title-font-weight:var(--h2_typography-font-weight);--awb-caption-title-font-style:var(--h2_typography-font-style);--awb-caption-title-size:var(--h2_typography-font-size);--awb-caption-title-transform:var(--h2_typography-text-transform);--awb-caption-title-line-height:var(--h2_typography-line-height);--awb-caption-title-letter-spacing:var(--h2_typography-letter-spacing);\"><span class=\" fusion-imageframe imageframe-none imageframe-1 hover-type-none has-mask\"><img decoding=\"async\" width=\"1024\" height=\"1024\" title=\"img_2352-1.jpg\" src=\"data:image\/svg+xml,%3Csvg%20xmlns%3D%27http%3A%2F%2Fwww.w3.org%2F2000%2Fsvg%27%20width%3D%271024%27%20height%3D%271024%27%20viewBox%3D%270%200%201024%201024%27%3E%3Crect%20width%3D%271024%27%20height%3D%271024%27%20fill-opacity%3D%220%22%2F%3E%3C%2Fsvg%3E\" data-orig-src=\"https:\/\/www.misionjapon.es\/wp-content\/uploads\/2024\/02\/img_2352-1.jpg\" alt class=\"lazyload img-responsive wp-image-998\"\/><\/span><\/div><\/div><\/div><div class=\"fusion-layout-column fusion_builder_column fusion-builder-column-1 fusion-flex-column\" style=\"--awb-padding-right:40px;--awb-padding-left:40px;--awb-padding-right-medium:0px;--awb-padding-left-medium:0px;--awb-bg-size:cover;--awb-width-large:47%;--awb-margin-top-large:0px;--awb-spacing-right-large:50px;--awb-margin-bottom-large:0px;--awb-spacing-left-large:50px;--awb-width-medium:47%;--awb-order-medium:0;--awb-spacing-right-medium:50px;--awb-spacing-left-medium:50px;--awb-width-small:100%;--awb-order-small:1;--awb-spacing-right-small:50px;--awb-spacing-left-small:50px;\"><div class=\"fusion-column-wrapper fusion-column-has-shadow fusion-flex-justify-content-flex-start fusion-content-layout-column\"><div class=\"fusion-text fusion-text-1\" style=\"--awb-content-alignment:left;\"><p style=\"text-align: left;\">\u79c1\u306e\u540d\u524d\u306f\u30db\u30bb\u30fb\u30e9\u30e2\u30f3\u30012014\u5e74\u304b\u3089\u30de\u30c9\u30ea\u30fc\u30c9\u6559\u533a\u306e\u30ab\u30c8\u30ea\u30c3\u30af\u53f8\u796d\u3067\u3059\u3002\u591a\u304f\u306e\u6075\u307f\u3092\u3044\u305f\u3060\u304d\u3001\u305d\u306e\u4e2d\u3067\u3082\u30a2\u30c9\u30fb\u30b8\u30a7\u30f3\u30c6\u30b9\u5ba3\u6559\u3078\u306e\u53ec\u547d\u3092\u3044\u305f\u3060\u3044\u305f\u3053\u3068\u3092\u795e\u306b\u611f\u8b1d\u3057\u307e\u3059\u3002<\/p>\n<p style=\"text-align: left;\">Mi nombre es Jos\u00e9 Ram\u00f3n y soy sacerdote cat\u00f3lico de la di\u00f3cesis de Madrid desde el a\u00f1o 2014. Doy gracias a Dios por tanta bendici\u00f3n recibida y, entre los muchos dones, se encuentra la llamada a la misi\u00f3n <em>Ad Gentes<\/em>.<\/p>\n<p>My name is Jos\u00e9 Ram\u00f3n and I have been a Catholic priest in the diocese of Madrid since 2014. I thank God for so many blessings received and, among the many gifts, is the call to the mission Ad Gentes.<\/p>\n<p><!-- \/wp:post-content --><\/p>\n<p>\u00a0<\/p>\n<p><!-- wp:paragraph --><\/p>\n<p>\u00a0<\/p>\n<p><!-- wp:image  --><\/p>\n<figure class=\"wp-block-image aligncenter size-full is-resized\"><\/figure>\n<\/div><div style=\"text-align:center;\"><a class=\"fusion-button button-flat fusion-button-default-size button-default fusion-button-default button-1 fusion-button-default-span fusion-button-default-type\" target=\"_self\" href=\"https:\/\/www.misionjapon.es\/index.php\/2023\/03\/05\/anuncio-de-mi-marcha-a-japon-2\/\"><span class=\"fusion-button-text awb-button__text awb-button__text--default\">\u3082\u3063\u3068\u898b\u308b\u30fbLeer m\u00e1s\u30fbRead more<\/span><\/a><\/div><\/div><\/div><\/div><\/div><div class=\"fusion-fullwidth fullwidth-box fusion-builder-row-2 fusion-flex-container nonhundred-percent-fullwidth non-hundred-percent-height-scrolling\" style=\"--awb-border-radius-top-left:0px;--awb-border-radius-top-right:0px;--awb-border-radius-bottom-right:0px;--awb-border-radius-bottom-left:0px;--awb-margin-bottom:80px;--awb-margin-bottom-medium:50px;--awb-margin-bottom-small:57px;--awb-flex-wrap:wrap;\" ><div class=\"fusion-builder-row fusion-row fusion-flex-align-items-flex-start fusion-flex-content-wrap\" style=\"max-width:1424.8px;margin-left: calc(-4% \/ 2 );margin-right: calc(-4% \/ 2 );\"><div class=\"fusion-layout-column fusion_builder_column fusion-builder-column-2 fusion_builder_column_2_3 2_3 fusion-flex-column\" style=\"--awb-padding-bottom-medium:0px;--awb-bg-blend:overlay;--awb-bg-size:cover;--awb-width-large:66.666666666667%;--awb-margin-top-large:0px;--awb-spacing-right-large:2.88%;--awb-margin-bottom-large:0px;--awb-spacing-left-large:2.88%;--awb-width-medium:66.666666666667%;--awb-spacing-right-medium:2.88%;--awb-spacing-left-medium:2.88%;--awb-width-small:100%;--awb-spacing-right-small:1.92%;--awb-spacing-left-small:1.92%;\"><div class=\"fusion-column-wrapper fusion-flex-justify-content-flex-start fusion-content-layout-column\"><div class=\"fusion-text fusion-text-2\" style=\"--awb-content-alignment:left;\"><p>\u3053\u306eAd Gentes\u3068\u3044\u3046\u4f7f\u547d\u306f\u4f55\u3092\u610f\u5473\u3059\u308b\u306e\u3060\u308d\u3046\u304b\uff1f\u305d\u308c\u306f\u3001\u4f55\u5e74\u3082\u524d\u306b\u30a2\u30d6\u30e9\u30cf\u30e0\u304c\u795e\u306e\u547c\u3073\u304b\u3051\u306b\u5fdc\u3048\u3066\u884c\u3063\u305f\u3053\u3068\u3092\u5b9f\u884c\u3057\u3088\u3046\u3068\u3044\u3046\u547c\u3073\u304b\u3051\u3067\u3042\u308b\u3002<\/p>\n<p><strong>\u3042\u306a\u305f\u306e\u56fd\u3001\u3042\u306a\u305f\u306e\u6545\u90f7\u3001\u3042\u306a\u305f\u306e\u7236\u306e\u5bb6\u304b\u3089\u3001\u308f\u305f\u3057\u304c\u3042\u306a\u305f\u306b\u793a\u3059\u5730\u306b\u884c\u304d\u306a\u3055\u3044\u3002<\/strong><br \/><strong>\u5275\u4e16\u8a1812,1<\/strong><\/p>\n<p>\u305d\u3057\u3066\u3001\u3053\u306e\u795e\u306e\u547c\u3073\u304b\u3051\u3092\u898b\u6975\u3081\u305f\u79c1\u306f\u3001\u7956\u56fd\u3092\u51fa\u767a\u3057\u3001\u6771\u306b\u5411\u304b\u3063\u3066\u65e5\u672c\u306e\u56fd\u306b\u5411\u304b\u3044\u3001\u73fe\u5728\u3001\u65e5\u672c\u306e\u4eba\u3005\u306e\u9593\u3067\u53f8\u796d\u3068\u3057\u3066\u306e\u52d9\u3081\u3092\u679c\u305f\u3057\u3066\u3044\u308b\u3002<\/p>\n<p style=\"text-align: left;\">\u00bfQu\u00e9 significa eso de la misi\u00f3n <em>Ad Gentes<\/em>? Es una llamada a hacer lo que hizo hace muchos a\u00f1os Abraham como respuesta a la llamada de Dios.<\/p>\n<p><!-- \/wp:image --><\/p>\n<p>\u00a0<\/p>\n<p><!-- wp:heading  --><\/p>\n<h4 class=\"wp-block-heading\" style=\"text-align: left;\"><em><strong>Sal de tu tierra, de tu patria, y de la casa de tu padre, hacia la tierra que te mostrar\u00e9.<br \/><\/strong><\/em><strong>Genesis 12,1<\/strong><\/h4>\n<p><!-- \/wp:heading --><\/p>\n<p>\u00a0<\/p>\n<p><!-- wp:paragraph \/--><\/p>\n<p>\u00a0<\/p>\n<p><!-- wp:paragraph --><\/p>\n<p style=\"text-align: left;\">Y habiendo discernido esta llamada de Dios, me dispuse a salir de mi tierra y dirigirme hacia el oriente, hasta el pa\u00eds de Jap\u00f3n, donde actualmente ejerzo mi ministerio sacerdotal en medio del pueblo japon\u00e9s.<\/p>\n<p>What does this mission Ad Gentes mean? It is a call to do what Abraham did many years ago in response to God's call.<\/p>\n<p><em><strong>Go forth from your country, from your homeland, and from your father's house, to the land that I will show you.<\/strong><\/em><br \/><strong>Genesis 12,1<\/strong><\/p>\n<p>And having discerned this call of God, I set out from my homeland and headed eastward to the country of Japan, where I am currently exercising my priestly ministry among the Japanese people.<\/p>\n<p><!-- \/wp:paragraph --><\/p>\n<p>\u00a0<\/p>\n<p><!-- wp:image  --><\/p>\n<figure class=\"wp-block-image aligncenter size-full is-resized\"><\/figure>\n<\/div><div style=\"text-align:center;\"><a class=\"fusion-button button-flat fusion-button-default-size button-default fusion-button-default button-2 fusion-button-default-span fusion-button-default-type\" target=\"_self\" href=\"https:\/\/www.misionjapon.es\/index.php\/2023\/03\/05\/anuncio-de-mi-marcha-a-japon-2\/\"><span class=\"fusion-button-text awb-button__text awb-button__text--default\">\u3082\u3063\u3068\u898b\u308b\u30fbLeer m\u00e1s\u30fbRead more<\/span><\/a><\/div><\/div><\/div><div class=\"fusion-layout-column fusion_builder_column fusion-builder-column-3 fusion_builder_column_1_3 1_3 fusion-flex-column fusion-flex-align-self-center\" style=\"--awb-bg-size:cover;--awb-width-large:33.333333333333%;--awb-margin-top-large:0px;--awb-spacing-right-large:5.76%;--awb-margin-bottom-large:20px;--awb-spacing-left-large:3.84%;--awb-width-medium:33.333333333333%;--awb-order-medium:0;--awb-spacing-right-medium:5.76%;--awb-spacing-left-medium:3.84%;--awb-width-small:100%;--awb-order-small:0;--awb-spacing-right-small:1.92%;--awb-spacing-left-small:1.92%;\" data-scroll-devices=\"small-visibility,medium-visibility,large-visibility\"><div class=\"fusion-column-wrapper fusion-column-has-shadow fusion-flex-justify-content-center fusion-content-layout-column\"><div class=\"fusion-image-element \" style=\"--awb-max-width:350px;--awb-caption-title-font-family:var(--h2_typography-font-family);--awb-caption-title-font-weight:var(--h2_typography-font-weight);--awb-caption-title-font-style:var(--h2_typography-font-style);--awb-caption-title-size:var(--h2_typography-font-size);--awb-caption-title-transform:var(--h2_typography-text-transform);--awb-caption-title-line-height:var(--h2_typography-line-height);--awb-caption-title-letter-spacing:var(--h2_typography-letter-spacing);\"><span class=\" fusion-imageframe imageframe-none imageframe-2 hover-type-none\" style=\"border-radius:6px;\"><img decoding=\"async\" width=\"608\" height=\"1305\" title=\"01\" src=\"data:image\/svg+xml,%3Csvg%20xmlns%3D%27http%3A%2F%2Fwww.w3.org%2F2000%2Fsvg%27%20width%3D%27608%27%20height%3D%271305%27%20viewBox%3D%270%200%20608%201305%27%3E%3Crect%20width%3D%27608%27%20height%3D%271305%27%20fill-opacity%3D%220%22%2F%3E%3C%2Fsvg%3E\" data-orig-src=\"https:\/\/www.misionjapon.es\/wp-content\/uploads\/2024\/02\/01.png\" alt class=\"lazyload img-responsive wp-image-990\"\/><\/span><\/div><\/div><\/div><\/div><\/div><\/p><!-- \/wp:image -->","protected":false},"excerpt":{"rendered":"","protected":false},"author":1,"featured_media":0,"parent":0,"menu_order":0,"comment_status":"closed","ping_status":"closed","template":"100-width.php","meta":{"_acf_changed":false,"footnotes":""},"class_list":["post-17","page","type-page","status-publish","hentry"],"acf":[],"jetpack_sharing_enabled":true,"_links":{"self":[{"href":"https:\/\/www.misionjapon.es\/index.php\/wp-json\/wp\/v2\/pages\/17","targetHints":{"allow":["GET"]}}],"collection":[{"href":"https:\/\/www.misionjapon.es\/index.php\/wp-json\/wp\/v2\/pages"}],"about":[{"href":"https:\/\/www.misionjapon.es\/index.php\/wp-json\/wp\/v2\/types\/page"}],"author":[{"embeddable":true,"href":"https:\/\/www.misionjapon.es\/index.php\/wp-json\/wp\/v2\/users\/1"}],"replies":[{"embeddable":true,"href":"https:\/\/www.misionjapon.es\/index.php\/wp-json\/wp\/v2\/comments?post=17"}],"version-history":[{"count":18,"href":"https:\/\/www.misionjapon.es\/index.php\/wp-json\/wp\/v2\/pages\/17\/revisions"}],"predecessor-version":[{"id":3232,"href":"https:\/\/www.misionjapon.es\/index.php\/wp-json\/wp\/v2\/pages\/17\/revisions\/3232"}],"wp:attachment":[{"href":"https:\/\/www.misionjapon.es\/index.php\/wp-json\/wp\/v2\/media?parent=17"}],"curies":[{"name":"wp","href":"https:\/\/api.w.org\/{rel}","templated":true}]}}