{"id":3,"date":"2023-01-25T12:32:10","date_gmt":"2023-01-25T12:32:10","guid":{"rendered":"https:\/\/www.misionjapon.es\/?page_id=3"},"modified":"2023-03-14T12:51:49","modified_gmt":"2023-03-14T11:51:49","slug":"privacy-policy","status":"publish","type":"page","link":"https:\/\/www.misionjapon.es\/index.php\/privacy-policy\/","title":{"rendered":"Pol\u00edtica de privacidad"},"content":{"rendered":"\n<h2 class=\"wp-block-heading\">\u00bfQui\u00e9nes somos?<\/h2>\n\n\n\n<p>Nuestra web es: https:\/\/www.misionjapon.es.<\/p>\n\n\n\n<h2 class=\"wp-block-heading\">Comentarios<\/h2>\n\n\n\n<p>Cuando los visitantes dejan comentarios en la web recogemos la informaci\u00f3n proporcionada en el formulario del comentario y tambi\u00e9n la direcci\u00f3n IP del visitante, as\u00ed como el navegador utilizado para ayudar as\u00ed a detectar el spam.<\/p>\n\n\n\n<h2 class=\"wp-block-heading\">Cookies<\/h2>\n\n\n\n<p>Si dejas un comentario en nuestra web puedes elegir dejar tu nombre, email y sitio web en las cookies. Todo esto es para facilitar que no tengas que volver a introducir todos estos datos cuando vuelvas a dejar un comentario. Estas cookies durar\u00e1n un a\u00f1o.<\/p>\n\n\n\n<h2 class=\"wp-block-heading\">Contenido procedente de otros sitios web<\/h2>\n\n\n\n<p>Las noticias de esta web pueden incluir contenido externo (p.e. videos, im\u00e1genes, art\u00edculos, etc.). El contenido externo de otras webs se comporta en el mismo sentido que si el visitante estuviese en la web de origen.<\/p>\n\n\n\n<h2 class=\"wp-block-heading\">\u00bfCon qui\u00e9n compartimos tu informaci\u00f3n?<\/h2>\n\n\n\n<p>No compartimos tu informaci\u00f3n con nadie ajeno a esta web.<\/p>\n\n\n\n<h2 class=\"wp-block-heading\">\u00bfCu\u00e1nto tiempo retenemos tu informaci\u00f3n?<\/h2>\n\n\n\n<p>Si dejas un comentario, el contenido y su metadata ser\u00e1n retenidos indefinidamente.<\/p>\n\n\n\n<h2 class=\"wp-block-heading\">\u00bfQu\u00e9 derechos tienes sobre tu informaci\u00f3n?<\/h2>\n\n\n\n<p>Si has dejado comentarios o te has suscrito a la web, puedes pedirnos un fichero con la informaci\u00f3n que poseemos de ti. Tambi\u00e9n puedes pedirnos que borremos cualquier dato personal que tengamos.<\/p>\n\n\n\n<h2 class=\"wp-block-heading\">\u00bfD\u00f3nde es enviada tu informaci\u00f3n?<\/h2>\n\n\n\n<p>Los comentarios de los visitantes pueden ser chequeados a trav\u00e9s de un servicio automatizado de detecci\u00f3n de spam.<\/p>\n","protected":false},"excerpt":{"rendered":"<p>\u00bfQui\u00e9nes somos? Nuestra web es: https:\/\/www.misionjapon.es. Comentarios Cuando los visitantes  [&#8230;]<\/p>\n","protected":false},"author":1,"featured_media":0,"parent":0,"menu_order":0,"comment_status":"closed","ping_status":"open","template":"","meta":{"_acf_changed":false,"footnotes":""},"class_list":["post-3","page","type-page","status-publish","hentry"],"acf":[],"jetpack_sharing_enabled":true,"_links":{"self":[{"href":"https:\/\/www.misionjapon.es\/index.php\/wp-json\/wp\/v2\/pages\/3","targetHints":{"allow":["GET"]}}],"collection":[{"href":"https:\/\/www.misionjapon.es\/index.php\/wp-json\/wp\/v2\/pages"}],"about":[{"href":"https:\/\/www.misionjapon.es\/index.php\/wp-json\/wp\/v2\/types\/page"}],"author":[{"embeddable":true,"href":"https:\/\/www.misionjapon.es\/index.php\/wp-json\/wp\/v2\/users\/1"}],"replies":[{"embeddable":true,"href":"https:\/\/www.misionjapon.es\/index.php\/wp-json\/wp\/v2\/comments?post=3"}],"version-history":[{"count":0,"href":"https:\/\/www.misionjapon.es\/index.php\/wp-json\/wp\/v2\/pages\/3\/revisions"}],"wp:attachment":[{"href":"https:\/\/www.misionjapon.es\/index.php\/wp-json\/wp\/v2\/media?parent=3"}],"curies":[{"name":"wp","href":"https:\/\/api.w.org\/{rel}","templated":true}]}}